{"id":12,"date":"2018-12-05T16:16:43","date_gmt":"2018-12-05T15:16:43","guid":{"rendered":"http:\/\/www.muzi.ottensheim.at\/?page_id=12"},"modified":"2020-01-12T18:15:43","modified_gmt":"2020-01-12T17:15:43","slug":"ueber-mich","status":"publish","type":"page","link":"https:\/\/www.muzi.ottensheim.at\/?page_id=12","title":{"rendered":"\u00fcber muzi"},"content":{"rendered":"<p>Im Verein muzi verbinden sich Freunde und F\u00f6rderer der Landesmusikschule Ottensheim &#8211; Gramastetten um Anliegen der Musikschulen zu unterst\u00fctzen, unabh\u00e4ngig von der offiziellen Verwaltung dieser \u00f6ffentlichen Bildungseinrichtung.<\/p>\r\n\r\n<p><strong>Verein muzi F\u00f6rderer der Landesmusikschule Ottensheim-Gramastetten<\/strong><br \/>Bahnhofstra\u00dfe 7<br \/>4100 Ottensheim<br \/>muzi ( ) ottensheim.at<br \/>https\/\/www.muzi.ottensheim.at<br \/>ZVR: 283627297<\/p>\r\n\r\n\r\n\r\n<p>&nbsp;<\/p>\r\n","protected":false},"excerpt":{"rendered":"<p>Im Verein muzi verbinden sich Freunde und F\u00f6rderer der Landesmusikschule Ottensheim &#8211; Gramastetten um Anliegen der Musikschulen zu unterst\u00fctzen, unabh\u00e4ngig von der offiziellen Verwaltung dieser \u00f6ffentlichen Bildungseinrichtung. Verein muzi F\u00f6rderer der Landesmusikschule Ottensheim-GramastettenBahnhofstra\u00dfe 74100 Ottensheimmuzi ( ) ottensheim.athttps\/\/www.muzi.ottensheim.atZVR: 283627297 &nbsp;<\/p>\n","protected":false},"author":1,"featured_media":0,"parent":0,"menu_order":0,"comment_status":"closed","ping_status":"closed","template":"","meta":[],"_links":{"self":[{"href":"https:\/\/www.muzi.ottensheim.at\/index.php?rest_route=\/wp\/v2\/pages\/12"}],"collection":[{"href":"https:\/\/www.muzi.ottensheim.at\/index.php?rest_route=\/wp\/v2\/pages"}],"about":[{"href":"https:\/\/www.muzi.ottensheim.at\/index.php?rest_route=\/wp\/v2\/types\/page"}],"author":[{"embeddable":true,"href":"https:\/\/www.muzi.ottensheim.at\/index.php?rest_route=\/wp\/v2\/users\/1"}],"replies":[{"embeddable":true,"href":"https:\/\/www.muzi.ottensheim.at\/index.php?rest_route=%2Fwp%2Fv2%2Fcomments&post=12"}],"version-history":[{"count":10,"href":"https:\/\/www.muzi.ottensheim.at\/index.php?rest_route=\/wp\/v2\/pages\/12\/revisions"}],"predecessor-version":[{"id":185,"href":"https:\/\/www.muzi.ottensheim.at\/index.php?rest_route=\/wp\/v2\/pages\/12\/revisions\/185"}],"wp:attachment":[{"href":"https:\/\/www.muzi.ottensheim.at\/index.php?rest_route=%2Fwp%2Fv2%2Fmedia&parent=12"}],"curies":[{"name":"wp","href":"https:\/\/api.w.org\/{rel}","templated":true}]}}