{"id":15,"date":"2018-12-05T16:16:44","date_gmt":"2018-12-05T15:16:44","guid":{"rendered":"http:\/\/www.muzi.ottensheim.at\/?page_id=15"},"modified":"2020-01-12T21:30:55","modified_gmt":"2020-01-12T20:30:55","slug":"ein-startseiten-abschnitt","status":"publish","type":"page","link":"https:\/\/www.muzi.ottensheim.at\/?page_id=15","title":{"rendered":"Pianoprojekt"},"content":{"rendered":"<p><img loading=\"lazy\" class=\"alignnone size-full wp-image-80\" src=\"https:\/\/www.muzi.ottensheim.at\/wp-content\/uploads\/2018\/12\/Klang-Bild-Nr-25.web_.jpg\" alt=\"\" width=\"1920\" height=\"1140\" srcset=\"https:\/\/www.muzi.ottensheim.at\/wp-content\/uploads\/2018\/12\/Klang-Bild-Nr-25.web_.jpg 1920w, https:\/\/www.muzi.ottensheim.at\/wp-content\/uploads\/2018\/12\/Klang-Bild-Nr-25.web_-300x178.jpg 300w, https:\/\/www.muzi.ottensheim.at\/wp-content\/uploads\/2018\/12\/Klang-Bild-Nr-25.web_-768x456.jpg 768w, https:\/\/www.muzi.ottensheim.at\/wp-content\/uploads\/2018\/12\/Klang-Bild-Nr-25.web_-1024x608.jpg 1024w\" sizes=\"(max-width: 706px) 89vw, (max-width: 767px) 82vw, 740px\" \/><\/p>\r\n<p>Zur Finanzierung eines neuen Fl\u00fcgels f\u00fcr die Musikschule Ottensheim hat sich der Musikschulf\u00f6rderverein ein originelles Kunstprojekt einfallen lassen, das am 20. Mai 2011 im Rahmen eines Benefizkonzertes pr\u00e4sentiert wurde.<\/p>\r\n<!-- \/wp:paragraph -->\r\n\r\n<!-- wp:paragraph -->\r\n<p>Der o\u00f6. Bildhauer Josef Baier erstellte den Entwurf eines Klang-Bildes, in dem eine Taste eines alten, ausgedienten Fl\u00fcgels samt der dazugeh\u00f6renden Originalmechanik und einer Saite in einen Stahlrahmen mit Holzhintergrund eingearbeitet ist. Man sieht und h\u00f6rt auf diese Weise, wie beim Fl\u00fcgel ein Ton zustande kommt. Mitglieder des Musikschulf\u00f6rdervereins bauten gemeinsam mit Josef Baier und kunst- und musikbegeisterten HelferInnen diesen Entwurf 87 Mal nach.<\/p>\r\n<!-- \/wp:paragraph -->\r\n\r\n<!-- wp:paragraph -->\r\n<p>&nbsp;<\/p>\r\n<!-- \/wp:paragraph -->","protected":false},"excerpt":{"rendered":"<p>Zur Finanzierung eines neuen Fl\u00fcgels f\u00fcr die Musikschule Ottensheim hat sich der Musikschulf\u00f6rderverein ein originelles Kunstprojekt einfallen lassen, das am 20. Mai 2011 im Rahmen eines Benefizkonzertes pr\u00e4sentiert wurde. Der o\u00f6. Bildhauer Josef Baier erstellte den Entwurf eines Klang-Bildes, in dem eine Taste eines alten, ausgedienten Fl\u00fcgels samt der dazugeh\u00f6renden Originalmechanik und einer Saite in &hellip; <\/p>\n<p class=\"link-more\"><a href=\"https:\/\/www.muzi.ottensheim.at\/?page_id=15\" class=\"more-link\"><span class=\"screen-reader-text\">\u201ePianoprojekt\u201c<\/span> weiterlesen<\/a><\/p>\n","protected":false},"author":1,"featured_media":0,"parent":0,"menu_order":0,"comment_status":"closed","ping_status":"closed","template":"","meta":[],"_links":{"self":[{"href":"https:\/\/www.muzi.ottensheim.at\/index.php?rest_route=\/wp\/v2\/pages\/15"}],"collection":[{"href":"https:\/\/www.muzi.ottensheim.at\/index.php?rest_route=\/wp\/v2\/pages"}],"about":[{"href":"https:\/\/www.muzi.ottensheim.at\/index.php?rest_route=\/wp\/v2\/types\/page"}],"author":[{"embeddable":true,"href":"https:\/\/www.muzi.ottensheim.at\/index.php?rest_route=\/wp\/v2\/users\/1"}],"replies":[{"embeddable":true,"href":"https:\/\/www.muzi.ottensheim.at\/index.php?rest_route=%2Fwp%2Fv2%2Fcomments&post=15"}],"version-history":[{"count":12,"href":"https:\/\/www.muzi.ottensheim.at\/index.php?rest_route=\/wp\/v2\/pages\/15\/revisions"}],"predecessor-version":[{"id":218,"href":"https:\/\/www.muzi.ottensheim.at\/index.php?rest_route=\/wp\/v2\/pages\/15\/revisions\/218"}],"wp:attachment":[{"href":"https:\/\/www.muzi.ottensheim.at\/index.php?rest_route=%2Fwp%2Fv2%2Fmedia&parent=15"}],"curies":[{"name":"wp","href":"https:\/\/api.w.org\/{rel}","templated":true}]}}