{"id":2,"date":"2018-12-05T16:03:11","date_gmt":"2018-12-05T15:03:11","guid":{"rendered":"http:\/\/www.muzi.ottensheim.at\/?page_id=2"},"modified":"2023-02-14T11:58:11","modified_gmt":"2023-02-14T10:58:11","slug":"beispiel-seite","status":"publish","type":"page","link":"https:\/\/www.muzi.ottensheim.at\/?page_id=2","title":{"rendered":"Impressum"},"content":{"rendered":"<h4><strong>Verein muzi &#8211; F\u00f6rderer der Landesmusikschule Ottensheim-Gramastetten<\/strong><\/h4>\n<p>Bahnhofstra\u00dfe 7<br \/>\n4100 Ottensheim<br \/>\nmuzi ( ) ottensheim.at<br \/>\nhttps\/\/www.muzi.ottensheim.at<br \/>\nmobil: +43 664 5065759<br \/>\nZVR: 283627297<\/p>\n<h4>Datenschutzerkl\u00e4rung<\/h4>\n<p>Wir legen gro\u00dfen Wert auf den Schutz Ihrer Daten. Um Sie in vollem Umfang \u00fcber die Verwendung personenbezogener Daten zu informieren, bitten wir Sie die folgenden Datenschutzhinweise zur Kenntnis zu nehmen.<\/p>\n<h4>Pers\u00f6nliche Daten<\/h4>\n<p>Pers\u00f6nliche Daten, die Sie auf dieser Website elektronisch \u00fcbermitteln, wie zum Beispiel Name, E-Mail-Adresse, Adresse oder andere pers\u00f6nlichen Angaben, werden von uns nur zum jeweils angegebenen Zweck verwendet, sicher verwahrt und nicht an Dritte weitergegeben. Der Provider erhebt und speichert automatisch Informationen am Webserver wie verwendeter Browser, Betriebssystem, Verweisseite, IP-Adresse, Uhrzeit des Zugriffs usw. Diese Daten k\u00f6nnen ohne Pr\u00fcfung weiterer Datenquellen keinen bestimmten Personen zugeordnet werden und wir werten diese Daten auch nicht weiter aus solange keine rechtswidrige Nutzung unserer Webseite vorliegt.<\/p>\n<h4>Auskunftsrecht<\/h4>\n<p>Sie haben jederzeit das Recht auf Auskunft \u00fcber die bez\u00fcglich Ihrer Person gespeicherten Daten, deren Herkunft und Empf\u00e4nger sowie den Zweck der Speicherung.<\/p>\n","protected":false},"excerpt":{"rendered":"<p>Verein muzi &#8211; F\u00f6rderer der Landesmusikschule Ottensheim-Gramastetten Bahnhofstra\u00dfe 7 4100 Ottensheim muzi ( ) ottensheim.at https\/\/www.muzi.ottensheim.at mobil: +43 664 5065759 ZVR: 283627297 Datenschutzerkl\u00e4rung Wir legen gro\u00dfen Wert auf den Schutz Ihrer Daten. Um Sie in vollem Umfang \u00fcber die Verwendung personenbezogener Daten zu informieren, bitten wir Sie die folgenden Datenschutzhinweise zur Kenntnis zu nehmen. Pers\u00f6nliche &hellip; <\/p>\n<p class=\"link-more\"><a href=\"https:\/\/www.muzi.ottensheim.at\/?page_id=2\" class=\"more-link\"><span class=\"screen-reader-text\">\u201eImpressum\u201c<\/span> weiterlesen<\/a><\/p>\n","protected":false},"author":1,"featured_media":0,"parent":0,"menu_order":0,"comment_status":"closed","ping_status":"open","template":"","meta":[],"_links":{"self":[{"href":"https:\/\/www.muzi.ottensheim.at\/index.php?rest_route=\/wp\/v2\/pages\/2"}],"collection":[{"href":"https:\/\/www.muzi.ottensheim.at\/index.php?rest_route=\/wp\/v2\/pages"}],"about":[{"href":"https:\/\/www.muzi.ottensheim.at\/index.php?rest_route=\/wp\/v2\/types\/page"}],"author":[{"embeddable":true,"href":"https:\/\/www.muzi.ottensheim.at\/index.php?rest_route=\/wp\/v2\/users\/1"}],"replies":[{"embeddable":true,"href":"https:\/\/www.muzi.ottensheim.at\/index.php?rest_route=%2Fwp%2Fv2%2Fcomments&post=2"}],"version-history":[{"count":8,"href":"https:\/\/www.muzi.ottensheim.at\/index.php?rest_route=\/wp\/v2\/pages\/2\/revisions"}],"predecessor-version":[{"id":241,"href":"https:\/\/www.muzi.ottensheim.at\/index.php?rest_route=\/wp\/v2\/pages\/2\/revisions\/241"}],"wp:attachment":[{"href":"https:\/\/www.muzi.ottensheim.at\/index.php?rest_route=%2Fwp%2Fv2%2Fmedia&parent=2"}],"curies":[{"name":"wp","href":"https:\/\/api.w.org\/{rel}","templated":true}]}}